{"id":48,"date":"2024-03-31T22:47:54","date_gmt":"2024-03-31T20:47:54","guid":{"rendered":"http:\/\/badfreunde-ebersbach.de\/?page_id=48"},"modified":"2024-10-24T21:30:39","modified_gmt":"2024-10-24T19:30:39","slug":"aktuelles","status":"publish","type":"page","link":"http:\/\/badfreunde-ebersbach.de\/","title":{"rendered":"Aktuelles"},"content":{"rendered":"<ul class=\"wp-block-latest-posts__list wp-block-latest-posts\"><li><a class=\"wp-block-latest-posts__post-title\" href=\"http:\/\/badfreunde-ebersbach.de\/?p=274\">Freiluftkino 01.08.2025 bei uns im Freibad<\/a><div class=\"wp-block-latest-posts__post-full-content\"><!-- wp:image {\"id\":282,\"sizeSlug\":\"large\",\"linkDestination\":\"none\"} -->\n<figure class=\"wp-block-image size-large\"><img loading=\"lazy\" decoding=\"async\" width=\"724\" height=\"1024\" src=\"http:\/\/badfreunde-ebersbach.de\/wp-content\/uploads\/2025\/07\/20205-07_Kino_Flyer-724x1024.png\" alt=\"\" class=\"wp-image-282\" srcset=\"http:\/\/badfreunde-ebersbach.de\/wp-content\/uploads\/2025\/07\/20205-07_Kino_Flyer-724x1024.png 724w, http:\/\/badfreunde-ebersbach.de\/wp-content\/uploads\/2025\/07\/20205-07_Kino_Flyer-212x300.png 212w, http:\/\/badfreunde-ebersbach.de\/wp-content\/uploads\/2025\/07\/20205-07_Kino_Flyer-768x1086.png 768w, http:\/\/badfreunde-ebersbach.de\/wp-content\/uploads\/2025\/07\/20205-07_Kino_Flyer-1086x1536.png 1086w, http:\/\/badfreunde-ebersbach.de\/wp-content\/uploads\/2025\/07\/20205-07_Kino_Flyer-1448x2048.png 1448w, http:\/\/badfreunde-ebersbach.de\/wp-content\/uploads\/2025\/07\/20205-07_Kino_Flyer-scaled.png 1811w\" sizes=\"auto, (max-width: 724px) 100vw, 724px\" \/><\/figure>\n<!-- \/wp:image -->\n\n<!-- wp:paragraph -->\n<p><\/p>\n<!-- \/wp:paragraph --><\/div><\/li>\n<li><a class=\"wp-block-latest-posts__post-title\" href=\"http:\/\/badfreunde-ebersbach.de\/?p=199\">14.12.2024 Lebendiger Adventskalender<\/a><div class=\"wp-block-latest-posts__post-full-content\"><!-- wp:paragraph -->\n<p>Beim Lebendigen Adventskalender \u00f6ffnen wir am Samstag, den 14.12.2024 von 14:00 &#8211; 16:30 Uhr unser Ebersbacher Freibad. F\u00fcr das leibliche Wohl ist hierbei ausreichend gesorgt. Ebenso wird es die eine oder andere kleine \u00dcberraschung geben. Nat\u00fcrlich freuen wir uns auch auf zahlreiche Gespr\u00e4che. Also bis bald.<\/p>\n<!-- \/wp:paragraph --><\/div><\/li>\n<\/ul>","protected":false},"excerpt":{"rendered":"","protected":false},"author":1,"featured_media":0,"parent":0,"menu_order":0,"comment_status":"closed","ping_status":"closed","template":"wp-custom-template-template-seite-rubrik-2","meta":{"footnotes":""},"class_list":["post-48","page","type-page","status-publish","hentry"],"_links":{"self":[{"href":"http:\/\/badfreunde-ebersbach.de\/index.php?rest_route=\/wp\/v2\/pages\/48","targetHints":{"allow":["GET"]}}],"collection":[{"href":"http:\/\/badfreunde-ebersbach.de\/index.php?rest_route=\/wp\/v2\/pages"}],"about":[{"href":"http:\/\/badfreunde-ebersbach.de\/index.php?rest_route=\/wp\/v2\/types\/page"}],"author":[{"embeddable":true,"href":"http:\/\/badfreunde-ebersbach.de\/index.php?rest_route=\/wp\/v2\/users\/1"}],"replies":[{"embeddable":true,"href":"http:\/\/badfreunde-ebersbach.de\/index.php?rest_route=%2Fwp%2Fv2%2Fcomments&post=48"}],"version-history":[{"count":4,"href":"http:\/\/badfreunde-ebersbach.de\/index.php?rest_route=\/wp\/v2\/pages\/48\/revisions"}],"predecessor-version":[{"id":82,"href":"http:\/\/badfreunde-ebersbach.de\/index.php?rest_route=\/wp\/v2\/pages\/48\/revisions\/82"}],"wp:attachment":[{"href":"http:\/\/badfreunde-ebersbach.de\/index.php?rest_route=%2Fwp%2Fv2%2Fmedia&parent=48"}],"curies":[{"name":"wp","href":"https:\/\/api.w.org\/{rel}","templated":true}]}}